{"id":31,"date":"2025-09-09T14:35:09","date_gmt":"2025-09-09T14:35:09","guid":{"rendered":"https:\/\/ri-net.org\/p\/?page_id=31"},"modified":"2025-09-09T16:44:52","modified_gmt":"2025-09-09T16:44:52","slug":"faq","status":"publish","type":"page","link":"https:\/\/ri-net.org\/p\/faq\/","title":{"rendered":"FAQ"},"content":{"rendered":"\n<h1 class=\"wp-block-heading\">Fragen und Regeln<\/h1>\n\n\n\n<p>Hier gibt es die Antworten. Auch wenn Regeln Mist sind, brauchen wir sie, damit die Kn\u00fcppelgarde nicht sofort die Bude der Admins st\u00fcrmt.<\/p>\n\n\n\n<h2 class=\"wp-block-heading\">Wie kann ich eine eigene Seite betreiben?<\/h2>\n\n\n\n<p>Erstelle ein Konto und kontaktiere danach die Betreiberin. Sie wird dir eine Seite erstellen und dich als Admin eintragen. <\/p>\n\n\n\n<h2 class=\"wp-block-heading\">Ich m\u00f6chte bei einer anderen Seite mitarbeiten.<\/h2>\n\n\n\n<p>Erstelle dir ein Konto und lasse dich von einem Seiten- Admin hinzuf\u00fcgen. Je nach eurer Organisationsstruktur bekommst du mal mehr und mal weniger Rechte. Die Betreiberin wird da nicht eingreifen! Du kannst nat\u00fcrlich versuchen, die Admins anzuschreiben.<\/p>\n\n\n\n<h2 class=\"wp-block-heading\">An wen richtet sich das Openhosting?<\/h2>\n\n\n\n<p>An alle Organisationen, Aktivist*innen im politisch linken und antifaschistischen Spektrum. <\/p>\n\n\n\n<p>Parteien sollen bitte ihre eigene Infrastruktur aufbauen. Basisgruppen und Jugendgruppen k\u00f6nnen nach vorheriger Nachfrage eine Seite betreiben. Die Mitarbeit an Aktionen ist m\u00f6glich, wenn die Admins dies erlauben.<\/p>\n\n\n\n<p>Rechtsextreme, queerfeindliche, die Menschenw\u00fcrde verletzende, nicht jugendfreie und menschenverachtende Inhalte sind untersagt und werden entfernt. Ebenso das Bef\u00fcrworten und Verharmlosen von Verbrechen wie Genoziden, Massenmorden und V\u00f6lkermord f\u00fchren zu einem sofortigen Ausschluss. Diese Inhalte d\u00fcrfen weder hier noch auf anderen Kan\u00e4len verbreitet werden, da sonst der Ruf dieser Seite in Verruf geraten kann. <\/p>\n\n\n\n<h2 class=\"wp-block-heading\">Was muss ich als Seitenadmin beachten?<\/h2>\n\n\n\n<ul class=\"wp-block-list\">\n<li>Nutze sichere!!! Passw\u00f6rter<\/li>\n\n\n\n<li>Adminrechte = volles Vertrauen. W\u00e4hle daher weise, wer was darf.<\/li>\n\n\n\n<li>Gib eine sichere Kontaktm\u00f6glichkeit an. Nur so k\u00f6nnen Interessierte dich erreichen. <\/li>\n\n\n\n<li>Die Aktion ist vorbei, die Orga in 20 Splittergruppen gespalten? Markiere deine Seite als inaktiv, damit sie archiviert werden kann.<\/li>\n\n\n\n<li>Sei aktiv! Nach 6 Monaten Inaktivit\u00e4t wird die Seite archiviert. Sie ist nicht mehr auf der Startseite sichbar, Links funktionieren weiterhin. \u00c4nderungen sind nicht mehr m\u00f6glich. Kontaktiere die Betreiberin um die Seite zu reaktivieren.<\/li>\n<\/ul>\n\n\n\n<h2 class=\"wp-block-heading\">Weitere Fragen?<\/h2>\n\n\n\n<p>Einfach zuerst die Suchmaschinde deiner Wahl fragen, KI bitte \u00fcberspringen und danach im<a href=\"http:\/\/site.netzarchiv.org\/forum\/\"> Forum<\/a> fragen. Jemand mit Erfahrung oder die Betreiberin wird sich drum k\u00fcmmern und dir helfen.<\/p>\n\n\n\n<p><\/p>\n","protected":false},"excerpt":{"rendered":"<p>Fragen und Regeln Hier gibt es die Antworten. Auch wenn Regeln Mist sind, brauchen wir sie, damit die Kn\u00fcppelgarde nicht sofort die Bude der Admins st\u00fcrmt. Wie kann ich eine eigene Seite betreiben? Erstelle ein Konto und kontaktiere danach die Betreiberin. Sie wird dir eine Seite erstellen und dich als Admin eintragen. Ich m\u00f6chte bei [&hellip;]<\/p>\n","protected":false},"author":1,"featured_media":0,"parent":0,"menu_order":0,"comment_status":"closed","ping_status":"closed","template":"","meta":{"footnotes":""},"class_list":["post-31","page","type-page","status-publish","hentry"],"_links":{"self":[{"href":"https:\/\/ri-net.org\/p\/wp-json\/wp\/v2\/pages\/31","targetHints":{"allow":["GET"]}}],"collection":[{"href":"https:\/\/ri-net.org\/p\/wp-json\/wp\/v2\/pages"}],"about":[{"href":"https:\/\/ri-net.org\/p\/wp-json\/wp\/v2\/types\/page"}],"author":[{"embeddable":true,"href":"https:\/\/ri-net.org\/p\/wp-json\/wp\/v2\/users\/1"}],"replies":[{"embeddable":true,"href":"https:\/\/ri-net.org\/p\/wp-json\/wp\/v2\/comments?post=31"}],"version-history":[{"count":6,"href":"https:\/\/ri-net.org\/p\/wp-json\/wp\/v2\/pages\/31\/revisions"}],"predecessor-version":[{"id":39,"href":"https:\/\/ri-net.org\/p\/wp-json\/wp\/v2\/pages\/31\/revisions\/39"}],"wp:attachment":[{"href":"https:\/\/ri-net.org\/p\/wp-json\/wp\/v2\/media?parent=31"}],"curies":[{"name":"wp","href":"https:\/\/api.w.org\/{rel}","templated":true}]}}